{"id":3213,"date":"2017-10-19T08:15:14","date_gmt":"2017-10-19T08:15:14","guid":{"rendered":"http:\/\/korabud.com\/?page_id=3213"},"modified":"2021-03-31T08:00:49","modified_gmt":"2021-03-31T08:00:49","slug":"die-renovierung-von-denkmaelern","status":"publish","type":"page","link":"https:\/\/korabud.com\/de\/die-renovierung-von-denkmaelern\/","title":{"rendered":"Die Renovierung von Denkm\u00e4lern"},"content":{"rendered":"<p><b>Die Renovierung von Denkm\u00e4lern<\/b> ist eine Restaurierung der alten architektonischen Form des Geb\u00e4udes einschlie\u00dflich des \u00c4quivalents von Nutzbaren und k\u00fcnstlerischem Wert. Aufgrund einer hohen Luftfeuchtigkeit, einem hohen Salzgehalt und der biologischen Entwicklung sind historische Geb\u00e4ude verschmutzt. Renovierungsarbeiten bestehen aus der Durchf\u00fchrung einer Untersuchung, Restaurierung und Schutz von besch\u00e4digten und gerissenen Mauern und Putz sowie von architektonischen Details. Eine genau Durchf\u00fchrung einer Untersuchung erm\u00f6glicht uns eine gute Beurteilung des technischen Zustandes, die Besch\u00e4digungen der Bauteile und die damit verbundene Auswahl geeigneter Materialien.<\/p>\n<p>Wir sind in der Lage architektonische Details mit erhaltenen Fotografien, Gravuren, Dokumentationen oder Restfragmente der Fassade im Detail zu reproduzieren.<\/p>\n<p>Wir wollen die Sch\u00f6nheit jeder historischen Fassade wiederherstellen.<\/p>\n<h3>Beispiele<\/h3>\n\n\t\t<style type=\"text\/css\">\n\t\t\t#gallery-1 {\n\t\t\t\tmargin: auto;\n\t\t\t}\n\t\t\t#gallery-1 .gallery-item {\n\t\t\t\tfloat: left;\n\t\t\t\tmargin-top: 10px;\n\t\t\t\ttext-align: center;\n\t\t\t\twidth: 25%;\n\t\t\t}\n\t\t\t#gallery-1 img {\n\t\t\t\tborder: 2px solid #cfcfcf;\n\t\t\t}\n\t\t\t#gallery-1 .gallery-caption {\n\t\t\t\tmargin-left: 0;\n\t\t\t}\n\t\t\t\/* see gallery_shortcode() in wp-includes\/media.php *\/\n\t\t<\/style>\n\t\t<div id='gallery-1' class='gallery galleryid-3213 gallery-columns-4 gallery-size-medium'><dl class='gallery-item'>\n\t\t\t<dt class='gallery-icon portrait'>\n\t\t\t\t<a rel=\"boxers-and-swipers\" class=\"boxersandswipers\"  data-rel=\"prettyPhoto[gallery]\" href='https:\/\/korabud.com\/wp-content\/uploads\/2017\/10\/IMAG3041.jpg'><img loading=\"lazy\" decoding=\"async\" width=\"168\" height=\"300\" src=\"https:\/\/korabud.com\/wp-content\/uploads\/2017\/10\/IMAG3041-168x300.jpg\" class=\"attachment-medium size-medium\" alt=\"\" srcset=\"https:\/\/korabud.com\/wp-content\/uploads\/2017\/10\/IMAG3041-168x300.jpg 168w, https:\/\/korabud.com\/wp-content\/uploads\/2017\/10\/IMAG3041-768x1370.jpg 768w, https:\/\/korabud.com\/wp-content\/uploads\/2017\/10\/IMAG3041-574x1024.jpg 574w, https:\/\/korabud.com\/wp-content\/uploads\/2017\/10\/IMAG3041.jpg 1121w\" sizes=\"(max-width: 168px) 100vw, 168px\" \/><\/a>\n\t\t\t<\/dt><\/dl><dl class='gallery-item'>\n\t\t\t<dt class='gallery-icon portrait'>\n\t\t\t\t<a rel=\"boxers-and-swipers\" class=\"boxersandswipers\"  data-rel=\"prettyPhoto[gallery]\" href='https:\/\/korabud.com\/wp-content\/uploads\/2017\/10\/IMAG5675.jpg'><img loading=\"lazy\" decoding=\"async\" width=\"188\" height=\"300\" src=\"https:\/\/korabud.com\/wp-content\/uploads\/2017\/10\/IMAG5675-188x300.jpg\" class=\"attachment-medium size-medium\" alt=\"\" srcset=\"https:\/\/korabud.com\/wp-content\/uploads\/2017\/10\/IMAG5675-188x300.jpg 188w, https:\/\/korabud.com\/wp-content\/uploads\/2017\/10\/IMAG5675-768x1223.jpg 768w, https:\/\/korabud.com\/wp-content\/uploads\/2017\/10\/IMAG5675-643x1024.jpg 643w, https:\/\/korabud.com\/wp-content\/uploads\/2017\/10\/IMAG5675.jpg 1256w\" sizes=\"(max-width: 188px) 100vw, 188px\" \/><\/a>\n\t\t\t<\/dt><\/dl><dl class='gallery-item'>\n\t\t\t<dt class='gallery-icon portrait'>\n\t\t\t\t<a rel=\"boxers-and-swipers\" class=\"boxersandswipers\"  data-rel=\"prettyPhoto[gallery]\" href='https:\/\/korabud.com\/wp-content\/uploads\/2017\/10\/DSC_0239.jpg'><img loading=\"lazy\" decoding=\"async\" width=\"169\" height=\"300\" src=\"https:\/\/korabud.com\/wp-content\/uploads\/2017\/10\/DSC_0239-169x300.jpg\" class=\"attachment-medium size-medium\" alt=\"\" srcset=\"https:\/\/korabud.com\/wp-content\/uploads\/2017\/10\/DSC_0239-169x300.jpg 169w, https:\/\/korabud.com\/wp-content\/uploads\/2017\/10\/DSC_0239-768x1365.jpg 768w, https:\/\/korabud.com\/wp-content\/uploads\/2017\/10\/DSC_0239-576x1024.jpg 576w, https:\/\/korabud.com\/wp-content\/uploads\/2017\/10\/DSC_0239.jpg 1125w\" sizes=\"(max-width: 169px) 100vw, 169px\" \/><\/a>\n\t\t\t<\/dt><\/dl><dl class='gallery-item'>\n\t\t\t<dt class='gallery-icon portrait'>\n\t\t\t\t<a rel=\"boxers-and-swipers\" class=\"boxersandswipers\"  data-rel=\"prettyPhoto[gallery]\" href='https:\/\/korabud.com\/wp-content\/uploads\/2017\/10\/DSC_0774.jpg'><img loading=\"lazy\" decoding=\"async\" width=\"169\" height=\"300\" src=\"https:\/\/korabud.com\/wp-content\/uploads\/2017\/10\/DSC_0774-169x300.jpg\" class=\"attachment-medium size-medium\" alt=\"\" srcset=\"https:\/\/korabud.com\/wp-content\/uploads\/2017\/10\/DSC_0774-169x300.jpg 169w, https:\/\/korabud.com\/wp-content\/uploads\/2017\/10\/DSC_0774-768x1365.jpg 768w, https:\/\/korabud.com\/wp-content\/uploads\/2017\/10\/DSC_0774-576x1024.jpg 576w, https:\/\/korabud.com\/wp-content\/uploads\/2017\/10\/DSC_0774.jpg 1125w\" sizes=\"(max-width: 169px) 100vw, 169px\" \/><\/a>\n\t\t\t<\/dt><\/dl><br style=\"clear: both\" \/><dl class='gallery-item'>\n\t\t\t<dt class='gallery-icon portrait'>\n\t\t\t\t<a rel=\"boxers-and-swipers\" class=\"boxersandswipers\"  data-rel=\"prettyPhoto[gallery]\" href='https:\/\/korabud.com\/wp-content\/uploads\/2017\/10\/DSC_0029.jpg'><img loading=\"lazy\" decoding=\"async\" width=\"169\" height=\"300\" src=\"https:\/\/korabud.com\/wp-content\/uploads\/2017\/10\/DSC_0029-169x300.jpg\" class=\"attachment-medium size-medium\" alt=\"\" srcset=\"https:\/\/korabud.com\/wp-content\/uploads\/2017\/10\/DSC_0029-169x300.jpg 169w, https:\/\/korabud.com\/wp-content\/uploads\/2017\/10\/DSC_0029-768x1365.jpg 768w, https:\/\/korabud.com\/wp-content\/uploads\/2017\/10\/DSC_0029-576x1024.jpg 576w, https:\/\/korabud.com\/wp-content\/uploads\/2017\/10\/DSC_0029.jpg 1125w\" sizes=\"(max-width: 169px) 100vw, 169px\" \/><\/a>\n\t\t\t<\/dt><\/dl><dl class='gallery-item'>\n\t\t\t<dt class='gallery-icon portrait'>\n\t\t\t\t<a rel=\"boxers-and-swipers\" class=\"boxersandswipers\"  data-rel=\"prettyPhoto[gallery]\" href='https:\/\/korabud.com\/wp-content\/uploads\/2017\/10\/DSC_0228.jpg'><img loading=\"lazy\" decoding=\"async\" width=\"169\" height=\"300\" src=\"https:\/\/korabud.com\/wp-content\/uploads\/2017\/10\/DSC_0228-169x300.jpg\" class=\"attachment-medium size-medium\" alt=\"\" srcset=\"https:\/\/korabud.com\/wp-content\/uploads\/2017\/10\/DSC_0228-169x300.jpg 169w, https:\/\/korabud.com\/wp-content\/uploads\/2017\/10\/DSC_0228-768x1365.jpg 768w, https:\/\/korabud.com\/wp-content\/uploads\/2017\/10\/DSC_0228-576x1024.jpg 576w, https:\/\/korabud.com\/wp-content\/uploads\/2017\/10\/DSC_0228.jpg 1125w\" sizes=\"(max-width: 169px) 100vw, 169px\" \/><\/a>\n\t\t\t<\/dt><\/dl><dl class='gallery-item'>\n\t\t\t<dt class='gallery-icon portrait'>\n\t\t\t\t<a rel=\"boxers-and-swipers\" class=\"boxersandswipers\"  data-rel=\"prettyPhoto[gallery]\" href='https:\/\/korabud.com\/wp-content\/uploads\/2017\/10\/DSC_0216.jpg'><img loading=\"lazy\" decoding=\"async\" width=\"169\" height=\"300\" src=\"https:\/\/korabud.com\/wp-content\/uploads\/2017\/10\/DSC_0216-169x300.jpg\" class=\"attachment-medium size-medium\" alt=\"\" srcset=\"https:\/\/korabud.com\/wp-content\/uploads\/2017\/10\/DSC_0216-169x300.jpg 169w, https:\/\/korabud.com\/wp-content\/uploads\/2017\/10\/DSC_0216-768x1365.jpg 768w, https:\/\/korabud.com\/wp-content\/uploads\/2017\/10\/DSC_0216-576x1024.jpg 576w, https:\/\/korabud.com\/wp-content\/uploads\/2017\/10\/DSC_0216.jpg 1125w\" sizes=\"(max-width: 169px) 100vw, 169px\" \/><\/a>\n\t\t\t<\/dt><\/dl><dl class='gallery-item'>\n\t\t\t<dt class='gallery-icon portrait'>\n\t\t\t\t<a rel=\"boxers-and-swipers\" class=\"boxersandswipers\"  data-rel=\"prettyPhoto[gallery]\" href='https:\/\/korabud.com\/wp-content\/uploads\/2017\/10\/IMAG1352.jpg'><img loading=\"lazy\" decoding=\"async\" width=\"168\" height=\"300\" src=\"https:\/\/korabud.com\/wp-content\/uploads\/2017\/10\/IMAG1352-168x300.jpg\" class=\"attachment-medium size-medium\" alt=\"\" srcset=\"https:\/\/korabud.com\/wp-content\/uploads\/2017\/10\/IMAG1352-168x300.jpg 168w, https:\/\/korabud.com\/wp-content\/uploads\/2017\/10\/IMAG1352-768x1370.jpg 768w, https:\/\/korabud.com\/wp-content\/uploads\/2017\/10\/IMAG1352-574x1024.jpg 574w, https:\/\/korabud.com\/wp-content\/uploads\/2017\/10\/IMAG1352.jpg 1121w\" sizes=\"(max-width: 168px) 100vw, 168px\" \/><\/a>\n\t\t\t<\/dt><\/dl><br style=\"clear: both\" \/><dl class='gallery-item'>\n\t\t\t<dt class='gallery-icon landscape'>\n\t\t\t\t<a rel=\"boxers-and-swipers\" class=\"boxersandswipers\"  data-rel=\"prettyPhoto[gallery]\" href='https:\/\/korabud.com\/wp-content\/uploads\/2017\/10\/DSC_0286.jpg'><img loading=\"lazy\" decoding=\"async\" width=\"300\" height=\"169\" src=\"https:\/\/korabud.com\/wp-content\/uploads\/2017\/10\/DSC_0286-300x169.jpg\" class=\"attachment-medium size-medium\" alt=\"\" srcset=\"https:\/\/korabud.com\/wp-content\/uploads\/2017\/10\/DSC_0286-300x169.jpg 300w, https:\/\/korabud.com\/wp-content\/uploads\/2017\/10\/DSC_0286-768x432.jpg 768w, https:\/\/korabud.com\/wp-content\/uploads\/2017\/10\/DSC_0286-1024x576.jpg 1024w, https:\/\/korabud.com\/wp-content\/uploads\/2017\/10\/DSC_0286.jpg 2000w\" sizes=\"(max-width: 300px) 100vw, 300px\" \/><\/a>\n\t\t\t<\/dt><\/dl><dl class='gallery-item'>\n\t\t\t<dt class='gallery-icon landscape'>\n\t\t\t\t<a rel=\"boxers-and-swipers\" class=\"boxersandswipers\"  data-rel=\"prettyPhoto[gallery]\" href='https:\/\/korabud.com\/wp-content\/uploads\/2017\/10\/DSC_0437.jpg'><img loading=\"lazy\" decoding=\"async\" width=\"300\" height=\"169\" src=\"https:\/\/korabud.com\/wp-content\/uploads\/2017\/10\/DSC_0437-300x169.jpg\" class=\"attachment-medium size-medium\" alt=\"\" srcset=\"https:\/\/korabud.com\/wp-content\/uploads\/2017\/10\/DSC_0437-300x169.jpg 300w, https:\/\/korabud.com\/wp-content\/uploads\/2017\/10\/DSC_0437-768x432.jpg 768w, https:\/\/korabud.com\/wp-content\/uploads\/2017\/10\/DSC_0437-1024x576.jpg 1024w, https:\/\/korabud.com\/wp-content\/uploads\/2017\/10\/DSC_0437.jpg 2000w\" sizes=\"(max-width: 300px) 100vw, 300px\" \/><\/a>\n\t\t\t<\/dt><\/dl><dl class='gallery-item'>\n\t\t\t<dt class='gallery-icon landscape'>\n\t\t\t\t<a rel=\"boxers-and-swipers\" class=\"boxersandswipers\"  data-rel=\"prettyPhoto[gallery]\" href='https:\/\/korabud.com\/wp-content\/uploads\/2017\/10\/DSC_0618.jpg'><img loading=\"lazy\" decoding=\"async\" width=\"300\" height=\"169\" src=\"https:\/\/korabud.com\/wp-content\/uploads\/2017\/10\/DSC_0618-300x169.jpg\" class=\"attachment-medium size-medium\" alt=\"\" srcset=\"https:\/\/korabud.com\/wp-content\/uploads\/2017\/10\/DSC_0618-300x169.jpg 300w, https:\/\/korabud.com\/wp-content\/uploads\/2017\/10\/DSC_0618-768x432.jpg 768w, https:\/\/korabud.com\/wp-content\/uploads\/2017\/10\/DSC_0618-1024x576.jpg 1024w, https:\/\/korabud.com\/wp-content\/uploads\/2017\/10\/DSC_0618.jpg 2000w\" sizes=\"(max-width: 300px) 100vw, 300px\" \/><\/a>\n\t\t\t<\/dt><\/dl><dl class='gallery-item'>\n\t\t\t<dt class='gallery-icon landscape'>\n\t\t\t\t<a rel=\"boxers-and-swipers\" class=\"boxersandswipers\"  data-rel=\"prettyPhoto[gallery]\" href='https:\/\/korabud.com\/wp-content\/uploads\/2017\/10\/IMAG5621-1.jpg'><img loading=\"lazy\" decoding=\"async\" width=\"300\" height=\"168\" src=\"https:\/\/korabud.com\/wp-content\/uploads\/2017\/10\/IMAG5621-1-300x168.jpg\" class=\"attachment-medium size-medium\" alt=\"\" srcset=\"https:\/\/korabud.com\/wp-content\/uploads\/2017\/10\/IMAG5621-1-300x168.jpg 300w, https:\/\/korabud.com\/wp-content\/uploads\/2017\/10\/IMAG5621-1-768x431.jpg 768w, https:\/\/korabud.com\/wp-content\/uploads\/2017\/10\/IMAG5621-1-1024x574.jpg 1024w, https:\/\/korabud.com\/wp-content\/uploads\/2017\/10\/IMAG5621-1.jpg 2000w\" sizes=\"(max-width: 300px) 100vw, 300px\" \/><\/a>\n\t\t\t<\/dt><\/dl><br style=\"clear: both\" \/>\n\t\t<\/div>\n\n","protected":false},"excerpt":{"rendered":"<p>Die Renovierung von Denkm\u00e4lern ist eine Restaurierung der alten architektonischen Form des Geb\u00e4udes einschlie\u00dflich des \u00c4quivalents von Nutzbaren und k\u00fcnstlerischem Wert. Aufgrund einer hohen Luftfeuchtigkeit, einem hohen Salzgehalt und der biologischen Entwicklung sind historische Geb\u00e4ude verschmutzt. Renovierungsarbeiten bestehen aus der Durchf\u00fchrung einer Untersuchung, Restaurierung und Schutz von besch\u00e4digten und gerissenen Mauern und Putz sowie von [&hellip;]<\/p>\n","protected":false},"author":1,"featured_media":0,"parent":0,"menu_order":20,"comment_status":"closed","ping_status":"closed","template":"","meta":{"footnotes":""},"class_list":["post-3213","page","type-page","status-publish","hentry"],"yoast_head":"<!-- This site is optimized with the Yoast SEO plugin v23.6 - https:\/\/yoast.com\/wordpress\/plugins\/seo\/ -->\n<title>Die Renovierung von Denkm\u00e4lern - Korabud<\/title>\n<meta name=\"robots\" content=\"index, follow, max-snippet:-1, max-image-preview:large, max-video-preview:-1\" \/>\n<link rel=\"canonical\" href=\"https:\/\/korabud.com\/de\/die-renovierung-von-denkmaelern\/\" \/>\n<meta property=\"og:locale\" content=\"de_DE\" \/>\n<meta property=\"og:type\" content=\"article\" \/>\n<meta property=\"og:title\" content=\"Die Renovierung von Denkm\u00e4lern - Korabud\" \/>\n<meta property=\"og:description\" content=\"Die Renovierung von Denkm\u00e4lern ist eine Restaurierung der alten architektonischen Form des Geb\u00e4udes einschlie\u00dflich des \u00c4quivalents von Nutzbaren und k\u00fcnstlerischem Wert. Aufgrund einer hohen Luftfeuchtigkeit, einem hohen Salzgehalt und der biologischen Entwicklung sind historische Geb\u00e4ude verschmutzt. Renovierungsarbeiten bestehen aus der Durchf\u00fchrung einer Untersuchung, Restaurierung und Schutz von besch\u00e4digten und gerissenen Mauern und Putz sowie von [&hellip;]\" \/>\n<meta property=\"og:url\" content=\"https:\/\/korabud.com\/de\/die-renovierung-von-denkmaelern\/\" \/>\n<meta property=\"og:site_name\" content=\"Korabud\" \/>\n<meta property=\"article:modified_time\" content=\"2021-03-31T08:00:49+00:00\" \/>\n<meta property=\"og:image\" content=\"https:\/\/korabud.com\/wp-content\/uploads\/2017\/10\/IMAG3041-168x300.jpg\" \/>\n<meta name=\"twitter:card\" content=\"summary_large_image\" \/>\n<meta name=\"twitter:label1\" content=\"Gesch\u00e4tzte Lesezeit\" \/>\n\t<meta name=\"twitter:data1\" content=\"1 Minute\" \/>\n<script type=\"application\/ld+json\" class=\"yoast-schema-graph\">{\"@context\":\"https:\/\/schema.org\",\"@graph\":[{\"@type\":\"WebPage\",\"@id\":\"https:\/\/korabud.com\/de\/die-renovierung-von-denkmaelern\/\",\"url\":\"https:\/\/korabud.com\/de\/die-renovierung-von-denkmaelern\/\",\"name\":\"Die Renovierung von Denkm\u00e4lern - Korabud\",\"isPartOf\":{\"@id\":\"https:\/\/korabud.com\/#website\"},\"datePublished\":\"2017-10-19T08:15:14+00:00\",\"dateModified\":\"2021-03-31T08:00:49+00:00\",\"breadcrumb\":{\"@id\":\"https:\/\/korabud.com\/de\/die-renovierung-von-denkmaelern\/#breadcrumb\"},\"inLanguage\":\"de-DE\",\"potentialAction\":[{\"@type\":\"ReadAction\",\"target\":[\"https:\/\/korabud.com\/de\/die-renovierung-von-denkmaelern\/\"]}]},{\"@type\":\"BreadcrumbList\",\"@id\":\"https:\/\/korabud.com\/de\/die-renovierung-von-denkmaelern\/#breadcrumb\",\"itemListElement\":[{\"@type\":\"ListItem\",\"position\":1,\"name\":\"Strona g\u0142\u00f3wna\",\"item\":\"https:\/\/www.korabud.com\/de\/\"},{\"@type\":\"ListItem\",\"position\":2,\"name\":\"Die Renovierung von Denkm\u00e4lern\"}]},{\"@type\":\"WebSite\",\"@id\":\"https:\/\/korabud.com\/#website\",\"url\":\"https:\/\/korabud.com\/\",\"name\":\"Korabud\",\"description\":\"kompleksowe us\u0142ugi budowlane!\",\"potentialAction\":[{\"@type\":\"SearchAction\",\"target\":{\"@type\":\"EntryPoint\",\"urlTemplate\":\"https:\/\/korabud.com\/?s={search_term_string}\"},\"query-input\":{\"@type\":\"PropertyValueSpecification\",\"valueRequired\":true,\"valueName\":\"search_term_string\"}}],\"inLanguage\":\"de-DE\"}]}<\/script>\n<!-- \/ Yoast SEO plugin. -->","yoast_head_json":{"title":"Die Renovierung von Denkm\u00e4lern - Korabud","robots":{"index":"index","follow":"follow","max-snippet":"max-snippet:-1","max-image-preview":"max-image-preview:large","max-video-preview":"max-video-preview:-1"},"canonical":"https:\/\/korabud.com\/de\/die-renovierung-von-denkmaelern\/","og_locale":"de_DE","og_type":"article","og_title":"Die Renovierung von Denkm\u00e4lern - Korabud","og_description":"Die Renovierung von Denkm\u00e4lern ist eine Restaurierung der alten architektonischen Form des Geb\u00e4udes einschlie\u00dflich des \u00c4quivalents von Nutzbaren und k\u00fcnstlerischem Wert. Aufgrund einer hohen Luftfeuchtigkeit, einem hohen Salzgehalt und der biologischen Entwicklung sind historische Geb\u00e4ude verschmutzt. Renovierungsarbeiten bestehen aus der Durchf\u00fchrung einer Untersuchung, Restaurierung und Schutz von besch\u00e4digten und gerissenen Mauern und Putz sowie von [&hellip;]","og_url":"https:\/\/korabud.com\/de\/die-renovierung-von-denkmaelern\/","og_site_name":"Korabud","article_modified_time":"2021-03-31T08:00:49+00:00","og_image":[{"url":"https:\/\/korabud.com\/wp-content\/uploads\/2017\/10\/IMAG3041-168x300.jpg"}],"twitter_card":"summary_large_image","twitter_misc":{"Gesch\u00e4tzte Lesezeit":"1 Minute"},"schema":{"@context":"https:\/\/schema.org","@graph":[{"@type":"WebPage","@id":"https:\/\/korabud.com\/de\/die-renovierung-von-denkmaelern\/","url":"https:\/\/korabud.com\/de\/die-renovierung-von-denkmaelern\/","name":"Die Renovierung von Denkm\u00e4lern - Korabud","isPartOf":{"@id":"https:\/\/korabud.com\/#website"},"datePublished":"2017-10-19T08:15:14+00:00","dateModified":"2021-03-31T08:00:49+00:00","breadcrumb":{"@id":"https:\/\/korabud.com\/de\/die-renovierung-von-denkmaelern\/#breadcrumb"},"inLanguage":"de-DE","potentialAction":[{"@type":"ReadAction","target":["https:\/\/korabud.com\/de\/die-renovierung-von-denkmaelern\/"]}]},{"@type":"BreadcrumbList","@id":"https:\/\/korabud.com\/de\/die-renovierung-von-denkmaelern\/#breadcrumb","itemListElement":[{"@type":"ListItem","position":1,"name":"Strona g\u0142\u00f3wna","item":"https:\/\/www.korabud.com\/de\/"},{"@type":"ListItem","position":2,"name":"Die Renovierung von Denkm\u00e4lern"}]},{"@type":"WebSite","@id":"https:\/\/korabud.com\/#website","url":"https:\/\/korabud.com\/","name":"Korabud","description":"kompleksowe us\u0142ugi budowlane!","potentialAction":[{"@type":"SearchAction","target":{"@type":"EntryPoint","urlTemplate":"https:\/\/korabud.com\/?s={search_term_string}"},"query-input":{"@type":"PropertyValueSpecification","valueRequired":true,"valueName":"search_term_string"}}],"inLanguage":"de-DE"}]}},"_links":{"self":[{"href":"https:\/\/korabud.com\/de\/wp-json\/wp\/v2\/pages\/3213"}],"collection":[{"href":"https:\/\/korabud.com\/de\/wp-json\/wp\/v2\/pages"}],"about":[{"href":"https:\/\/korabud.com\/de\/wp-json\/wp\/v2\/types\/page"}],"author":[{"embeddable":true,"href":"https:\/\/korabud.com\/de\/wp-json\/wp\/v2\/users\/1"}],"replies":[{"embeddable":true,"href":"https:\/\/korabud.com\/de\/wp-json\/wp\/v2\/comments?post=3213"}],"version-history":[{"count":4,"href":"https:\/\/korabud.com\/de\/wp-json\/wp\/v2\/pages\/3213\/revisions"}],"predecessor-version":[{"id":3442,"href":"https:\/\/korabud.com\/de\/wp-json\/wp\/v2\/pages\/3213\/revisions\/3442"}],"wp:attachment":[{"href":"https:\/\/korabud.com\/de\/wp-json\/wp\/v2\/media?parent=3213"}],"curies":[{"name":"wp","href":"https:\/\/api.w.org\/{rel}","templated":true}]}}