{"id":3216,"date":"2017-10-19T08:18:14","date_gmt":"2017-10-19T08:18:14","guid":{"rendered":"http:\/\/korabud.com\/?page_id=3216"},"modified":"2021-07-01T13:28:18","modified_gmt":"2021-07-01T13:28:18","slug":"bei-der-thermomodernisierung","status":"publish","type":"page","link":"https:\/\/korabud.com\/de\/bei-der-thermomodernisierung\/","title":{"rendered":"Bei der Thermomodernisierung"},"content":{"rendered":"<p><b>Bei der Thermomodernisierung<\/b> und W\u00e4rmedemmung von Geb\u00e4uden werden \u00c4nderungen vorgenommen die erm\u00f6glichen, den Bedarf an W\u00e4rmeenergie durch die Verringerung der W\u00e4rmeverluste zu reduzieren. Das Ziel und der Hauptvorteil ist, dass die Heizkosten gesenkt werden. Durch die W\u00e4rmedemmung der Au\u00dfenw\u00e4nde erh\u00e4lt das Geb\u00e4ude zus\u00e4tzlich ein \u00e4sthetisches Aussehen, hohe Qualit\u00e4t sowie einen erh\u00f6hten Wohnkomfort.<\/p>\n<h3><span id=\"result_box\" class=\"short_text\" lang=\"de\"><span class=\"\">Beispiel 1 Geb\u00e4ude vor und nach<\/span><\/span> &#8211; <span id=\"result_box\" class=\"short_text\" lang=\"de\"><span class=\"\">Viertel der Stra\u00dfe<\/span><\/span> Raciborska, \u015arednia, Kaczyniec, Krupnicza<\/h3>\n\n\t\t<style type=\"text\/css\">\n\t\t\t#gallery-1 {\n\t\t\t\tmargin: auto;\n\t\t\t}\n\t\t\t#gallery-1 .gallery-item {\n\t\t\t\tfloat: left;\n\t\t\t\tmargin-top: 10px;\n\t\t\t\ttext-align: center;\n\t\t\t\twidth: 50%;\n\t\t\t}\n\t\t\t#gallery-1 img {\n\t\t\t\tborder: 2px solid #cfcfcf;\n\t\t\t}\n\t\t\t#gallery-1 .gallery-caption {\n\t\t\t\tmargin-left: 0;\n\t\t\t}\n\t\t\t\/* see gallery_shortcode() in wp-includes\/media.php *\/\n\t\t<\/style>\n\t\t<div id='gallery-1' class='gallery galleryid-3216 gallery-columns-2 gallery-size-large'><dl class='gallery-item'>\n\t\t\t<dt class='gallery-icon portrait'>\n\t\t\t\t<a rel=\"boxers-and-swipers\" class=\"boxersandswipers\"  data-rel=\"prettyPhoto[gallery]\" href='https:\/\/korabud.com\/wp-content\/uploads\/2017\/10\/DSC_0382.jpg'><img loading=\"lazy\" decoding=\"async\" width=\"576\" height=\"1024\" src=\"https:\/\/korabud.com\/wp-content\/uploads\/2017\/10\/DSC_0382-576x1024.jpg\" class=\"attachment-large size-large\" alt=\"\" srcset=\"https:\/\/korabud.com\/wp-content\/uploads\/2017\/10\/DSC_0382-576x1024.jpg 576w, https:\/\/korabud.com\/wp-content\/uploads\/2017\/10\/DSC_0382-169x300.jpg 169w, https:\/\/korabud.com\/wp-content\/uploads\/2017\/10\/DSC_0382-768x1365.jpg 768w, https:\/\/korabud.com\/wp-content\/uploads\/2017\/10\/DSC_0382.jpg 1125w\" sizes=\"(max-width: 576px) 100vw, 576px\" \/><\/a>\n\t\t\t<\/dt><\/dl><dl class='gallery-item'>\n\t\t\t<dt class='gallery-icon portrait'>\n\t\t\t\t<a rel=\"boxers-and-swipers\" class=\"boxersandswipers\"  data-rel=\"prettyPhoto[gallery]\" href='https:\/\/korabud.com\/wp-content\/uploads\/2017\/10\/IMAG2782.jpg'><img loading=\"lazy\" decoding=\"async\" width=\"574\" height=\"1024\" src=\"https:\/\/korabud.com\/wp-content\/uploads\/2017\/10\/IMAG2782-574x1024.jpg\" class=\"attachment-large size-large\" alt=\"\" srcset=\"https:\/\/korabud.com\/wp-content\/uploads\/2017\/10\/IMAG2782-574x1024.jpg 574w, https:\/\/korabud.com\/wp-content\/uploads\/2017\/10\/IMAG2782-168x300.jpg 168w, https:\/\/korabud.com\/wp-content\/uploads\/2017\/10\/IMAG2782-768x1370.jpg 768w, https:\/\/korabud.com\/wp-content\/uploads\/2017\/10\/IMAG2782.jpg 1121w\" sizes=\"(max-width: 574px) 100vw, 574px\" \/><\/a>\n\t\t\t<\/dt><\/dl><br style=\"clear: both\" \/><dl class='gallery-item'>\n\t\t\t<dt class='gallery-icon portrait'>\n\t\t\t\t<a rel=\"boxers-and-swipers\" class=\"boxersandswipers\"  data-rel=\"prettyPhoto[gallery]\" href='https:\/\/korabud.com\/wp-content\/uploads\/2017\/10\/20151202_082950b.png'><img loading=\"lazy\" decoding=\"async\" width=\"719\" height=\"1024\" src=\"https:\/\/korabud.com\/wp-content\/uploads\/2017\/10\/20151202_082950b-719x1024.png\" class=\"attachment-large size-large\" alt=\"\" srcset=\"https:\/\/korabud.com\/wp-content\/uploads\/2017\/10\/20151202_082950b-719x1024.png 719w, https:\/\/korabud.com\/wp-content\/uploads\/2017\/10\/20151202_082950b-211x300.png 211w, https:\/\/korabud.com\/wp-content\/uploads\/2017\/10\/20151202_082950b-768x1093.png 768w, https:\/\/korabud.com\/wp-content\/uploads\/2017\/10\/20151202_082950b.png 1405w\" sizes=\"(max-width: 719px) 100vw, 719px\" \/><\/a>\n\t\t\t<\/dt><\/dl><dl class='gallery-item'>\n\t\t\t<dt class='gallery-icon portrait'>\n\t\t\t\t<a rel=\"boxers-and-swipers\" class=\"boxersandswipers\"  data-rel=\"prettyPhoto[gallery]\" href='https:\/\/korabud.com\/wp-content\/uploads\/2017\/10\/DSC_0455-2.jpg'><img loading=\"lazy\" decoding=\"async\" width=\"717\" height=\"1024\" src=\"https:\/\/korabud.com\/wp-content\/uploads\/2017\/10\/DSC_0455-2-717x1024.jpg\" class=\"attachment-large size-large\" alt=\"\" srcset=\"https:\/\/korabud.com\/wp-content\/uploads\/2017\/10\/DSC_0455-2-717x1024.jpg 717w, https:\/\/korabud.com\/wp-content\/uploads\/2017\/10\/DSC_0455-2-210x300.jpg 210w, https:\/\/korabud.com\/wp-content\/uploads\/2017\/10\/DSC_0455-2-768x1096.jpg 768w, https:\/\/korabud.com\/wp-content\/uploads\/2017\/10\/DSC_0455-2.jpg 1401w\" sizes=\"(max-width: 717px) 100vw, 717px\" \/><\/a>\n\t\t\t<\/dt><\/dl><br style=\"clear: both\" \/>\n\t\t<\/div>\n\n<h3><span id=\"result_box\" class=\"short_text\" lang=\"de\"><span class=\"\">Beispiel 2 Geb\u00e4ude vor und nach<\/span><\/span> Gliwice Bankowa 11-13<\/h3>\n\n\t\t<style type=\"text\/css\">\n\t\t\t#gallery-2 {\n\t\t\t\tmargin: auto;\n\t\t\t}\n\t\t\t#gallery-2 .gallery-item {\n\t\t\t\tfloat: left;\n\t\t\t\tmargin-top: 10px;\n\t\t\t\ttext-align: center;\n\t\t\t\twidth: 50%;\n\t\t\t}\n\t\t\t#gallery-2 img {\n\t\t\t\tborder: 2px solid #cfcfcf;\n\t\t\t}\n\t\t\t#gallery-2 .gallery-caption {\n\t\t\t\tmargin-left: 0;\n\t\t\t}\n\t\t\t\/* see gallery_shortcode() in wp-includes\/media.php *\/\n\t\t<\/style>\n\t\t<div id='gallery-2' class='gallery galleryid-3216 gallery-columns-2 gallery-size-large'><dl class='gallery-item'>\n\t\t\t<dt class='gallery-icon portrait'>\n\t\t\t\t<a rel=\"boxers-and-swipers\" class=\"boxersandswipers\"  data-rel=\"prettyPhoto[gallery]\" href='https:\/\/korabud.com\/wp-content\/uploads\/2017\/10\/DSC_0163.jpg'><img loading=\"lazy\" decoding=\"async\" width=\"576\" height=\"1024\" src=\"https:\/\/korabud.com\/wp-content\/uploads\/2017\/10\/DSC_0163-576x1024.jpg\" class=\"attachment-large size-large\" alt=\"\" srcset=\"https:\/\/korabud.com\/wp-content\/uploads\/2017\/10\/DSC_0163-576x1024.jpg 576w, https:\/\/korabud.com\/wp-content\/uploads\/2017\/10\/DSC_0163-169x300.jpg 169w, https:\/\/korabud.com\/wp-content\/uploads\/2017\/10\/DSC_0163-768x1365.jpg 768w, https:\/\/korabud.com\/wp-content\/uploads\/2017\/10\/DSC_0163.jpg 1125w\" sizes=\"(max-width: 576px) 100vw, 576px\" \/><\/a>\n\t\t\t<\/dt><\/dl><dl class='gallery-item'>\n\t\t\t<dt class='gallery-icon portrait'>\n\t\t\t\t<a rel=\"boxers-and-swipers\" class=\"boxersandswipers\"  data-rel=\"prettyPhoto[gallery]\" href='https:\/\/korabud.com\/wp-content\/uploads\/2017\/10\/IMAG7014.jpg'><img loading=\"lazy\" decoding=\"async\" width=\"574\" height=\"1024\" src=\"https:\/\/korabud.com\/wp-content\/uploads\/2017\/10\/IMAG7014-574x1024.jpg\" class=\"attachment-large size-large\" alt=\"\" srcset=\"https:\/\/korabud.com\/wp-content\/uploads\/2017\/10\/IMAG7014-574x1024.jpg 574w, https:\/\/korabud.com\/wp-content\/uploads\/2017\/10\/IMAG7014-168x300.jpg 168w, https:\/\/korabud.com\/wp-content\/uploads\/2017\/10\/IMAG7014-768x1370.jpg 768w, https:\/\/korabud.com\/wp-content\/uploads\/2017\/10\/IMAG7014.jpg 1121w\" sizes=\"(max-width: 574px) 100vw, 574px\" \/><\/a>\n\t\t\t<\/dt><\/dl><br style=\"clear: both\" \/>\n\t\t<\/div>\n\n<h3><span id=\"result_box\" class=\"short_text\" lang=\"de\"><span class=\"\">Beispiel 3 Geb\u00e4ude vor und nach<\/span><\/span> Chorz\u00f3w ul. Narutowicza 2<\/h3>\n\n\t\t<style type=\"text\/css\">\n\t\t\t#gallery-3 {\n\t\t\t\tmargin: auto;\n\t\t\t}\n\t\t\t#gallery-3 .gallery-item {\n\t\t\t\tfloat: left;\n\t\t\t\tmargin-top: 10px;\n\t\t\t\ttext-align: center;\n\t\t\t\twidth: 50%;\n\t\t\t}\n\t\t\t#gallery-3 img {\n\t\t\t\tborder: 2px solid #cfcfcf;\n\t\t\t}\n\t\t\t#gallery-3 .gallery-caption {\n\t\t\t\tmargin-left: 0;\n\t\t\t}\n\t\t\t\/* see gallery_shortcode() in wp-includes\/media.php *\/\n\t\t<\/style>\n\t\t<div id='gallery-3' class='gallery galleryid-3216 gallery-columns-2 gallery-size-large'><dl class='gallery-item'>\n\t\t\t<dt class='gallery-icon landscape'>\n\t\t\t\t<a rel=\"boxers-and-swipers\" class=\"boxersandswipers\"  data-rel=\"prettyPhoto[gallery]\" href='https:\/\/korabud.com\/wp-content\/uploads\/2017\/10\/1.jpg'><img loading=\"lazy\" decoding=\"async\" width=\"1024\" height=\"574\" src=\"https:\/\/korabud.com\/wp-content\/uploads\/2017\/10\/1-1024x574.jpg\" class=\"attachment-large size-large\" alt=\"\" srcset=\"https:\/\/korabud.com\/wp-content\/uploads\/2017\/10\/1-1024x574.jpg 1024w, https:\/\/korabud.com\/wp-content\/uploads\/2017\/10\/1-300x168.jpg 300w, https:\/\/korabud.com\/wp-content\/uploads\/2017\/10\/1-768x430.jpg 768w, https:\/\/korabud.com\/wp-content\/uploads\/2017\/10\/1.jpg 2000w\" sizes=\"(max-width: 1024px) 100vw, 1024px\" \/><\/a>\n\t\t\t<\/dt><\/dl><dl class='gallery-item'>\n\t\t\t<dt class='gallery-icon landscape'>\n\t\t\t\t<a rel=\"boxers-and-swipers\" class=\"boxersandswipers\"  data-rel=\"prettyPhoto[gallery]\" href='https:\/\/korabud.com\/wp-content\/uploads\/2017\/10\/2.jpg'><img loading=\"lazy\" decoding=\"async\" width=\"1024\" height=\"574\" src=\"https:\/\/korabud.com\/wp-content\/uploads\/2017\/10\/2-1024x574.jpg\" class=\"attachment-large size-large\" alt=\"\" srcset=\"https:\/\/korabud.com\/wp-content\/uploads\/2017\/10\/2-1024x574.jpg 1024w, https:\/\/korabud.com\/wp-content\/uploads\/2017\/10\/2-300x168.jpg 300w, https:\/\/korabud.com\/wp-content\/uploads\/2017\/10\/2-768x430.jpg 768w, https:\/\/korabud.com\/wp-content\/uploads\/2017\/10\/2.jpg 2000w\" sizes=\"(max-width: 1024px) 100vw, 1024px\" \/><\/a>\n\t\t\t<\/dt><\/dl><br style=\"clear: both\" \/>\n\t\t<\/div>\n\n<h3><span id=\"result_box\" class=\"short_text\" lang=\"de\"><span class=\"\">Beispiel 4 Geb\u00e4ude vor und nach<\/span><\/span> Gliwice ul. Dolnych Wa\u0142\u00f3w 24-26<\/h3>\n\n\t\t<style type=\"text\/css\">\n\t\t\t#gallery-4 {\n\t\t\t\tmargin: auto;\n\t\t\t}\n\t\t\t#gallery-4 .gallery-item {\n\t\t\t\tfloat: left;\n\t\t\t\tmargin-top: 10px;\n\t\t\t\ttext-align: center;\n\t\t\t\twidth: 50%;\n\t\t\t}\n\t\t\t#gallery-4 img {\n\t\t\t\tborder: 2px solid #cfcfcf;\n\t\t\t}\n\t\t\t#gallery-4 .gallery-caption {\n\t\t\t\tmargin-left: 0;\n\t\t\t}\n\t\t\t\/* see gallery_shortcode() in wp-includes\/media.php *\/\n\t\t<\/style>\n\t\t<div id='gallery-4' class='gallery galleryid-3216 gallery-columns-2 gallery-size-large'><dl class='gallery-item'>\n\t\t\t<dt class='gallery-icon landscape'>\n\t\t\t\t<a rel=\"boxers-and-swipers\" class=\"boxersandswipers\"  data-rel=\"prettyPhoto[gallery]\" href='https:\/\/korabud.com\/wp-content\/uploads\/2017\/10\/DSC_0223-1.jpg'><img loading=\"lazy\" decoding=\"async\" width=\"1024\" height=\"666\" src=\"https:\/\/korabud.com\/wp-content\/uploads\/2017\/10\/DSC_0223-1-1024x666.jpg\" class=\"attachment-large size-large\" alt=\"\" srcset=\"https:\/\/korabud.com\/wp-content\/uploads\/2017\/10\/DSC_0223-1-1024x666.jpg 1024w, https:\/\/korabud.com\/wp-content\/uploads\/2017\/10\/DSC_0223-1-300x195.jpg 300w, https:\/\/korabud.com\/wp-content\/uploads\/2017\/10\/DSC_0223-1-768x500.jpg 768w, https:\/\/korabud.com\/wp-content\/uploads\/2017\/10\/DSC_0223-1.jpg 2000w\" sizes=\"(max-width: 1024px) 100vw, 1024px\" \/><\/a>\n\t\t\t<\/dt><\/dl><dl class='gallery-item'>\n\t\t\t<dt class='gallery-icon landscape'>\n\t\t\t\t<a rel=\"boxers-and-swipers\" class=\"boxersandswipers\"  data-rel=\"prettyPhoto[gallery]\" href='https:\/\/korabud.com\/wp-content\/uploads\/2017\/10\/IMAG1937-1.jpg'><img loading=\"lazy\" decoding=\"async\" width=\"1024\" height=\"669\" src=\"https:\/\/korabud.com\/wp-content\/uploads\/2017\/10\/IMAG1937-1-1024x669.jpg\" class=\"attachment-large size-large\" alt=\"\" srcset=\"https:\/\/korabud.com\/wp-content\/uploads\/2017\/10\/IMAG1937-1-1024x669.jpg 1024w, https:\/\/korabud.com\/wp-content\/uploads\/2017\/10\/IMAG1937-1-300x196.jpg 300w, https:\/\/korabud.com\/wp-content\/uploads\/2017\/10\/IMAG1937-1-768x502.jpg 768w, https:\/\/korabud.com\/wp-content\/uploads\/2017\/10\/IMAG1937-1.jpg 2000w\" sizes=\"(max-width: 1024px) 100vw, 1024px\" \/><\/a>\n\t\t\t<\/dt><\/dl><br style=\"clear: both\" \/>\n\t\t<\/div>\n\n<h3><span id=\"result_box\" class=\"short_text\" lang=\"de\"><span class=\"\">Beispiel 5 Geb\u00e4ude vor und nach<\/span><\/span> Giera\u0142towice ul. Ks. Roboty 48<\/h3>\n\n\t\t<style type=\"text\/css\">\n\t\t\t#gallery-5 {\n\t\t\t\tmargin: auto;\n\t\t\t}\n\t\t\t#gallery-5 .gallery-item {\n\t\t\t\tfloat: left;\n\t\t\t\tmargin-top: 10px;\n\t\t\t\ttext-align: center;\n\t\t\t\twidth: 50%;\n\t\t\t}\n\t\t\t#gallery-5 img {\n\t\t\t\tborder: 2px solid #cfcfcf;\n\t\t\t}\n\t\t\t#gallery-5 .gallery-caption {\n\t\t\t\tmargin-left: 0;\n\t\t\t}\n\t\t\t\/* see gallery_shortcode() in wp-includes\/media.php *\/\n\t\t<\/style>\n\t\t<div id='gallery-5' class='gallery galleryid-3216 gallery-columns-2 gallery-size-large'><dl class='gallery-item'>\n\t\t\t<dt class='gallery-icon landscape'>\n\t\t\t\t<a rel=\"boxers-and-swipers\" class=\"boxersandswipers\"  data-rel=\"prettyPhoto[gallery]\" href='https:\/\/korabud.com\/wp-content\/uploads\/2017\/10\/Nowy-obraz-14.bmp'><img loading=\"lazy\" decoding=\"async\" width=\"891\" height=\"623\" src=\"https:\/\/korabud.com\/wp-content\/uploads\/2017\/10\/Nowy-obraz-14.bmp\" class=\"attachment-large size-large\" alt=\"\" \/><\/a>\n\t\t\t<\/dt><\/dl><dl class='gallery-item'>\n\t\t\t<dt class='gallery-icon landscape'>\n\t\t\t\t<a rel=\"boxers-and-swipers\" class=\"boxersandswipers\"  data-rel=\"prettyPhoto[gallery]\" href='https:\/\/korabud.com\/wp-content\/uploads\/2017\/10\/IMG-20171027-WA0003.jpg'><img loading=\"lazy\" decoding=\"async\" width=\"1024\" height=\"565\" src=\"https:\/\/korabud.com\/wp-content\/uploads\/2017\/10\/IMG-20171027-WA0003-1024x565.jpg\" class=\"attachment-large size-large\" alt=\"\" srcset=\"https:\/\/korabud.com\/wp-content\/uploads\/2017\/10\/IMG-20171027-WA0003-1024x565.jpg 1024w, https:\/\/korabud.com\/wp-content\/uploads\/2017\/10\/IMG-20171027-WA0003-300x166.jpg 300w, https:\/\/korabud.com\/wp-content\/uploads\/2017\/10\/IMG-20171027-WA0003-768x424.jpg 768w, https:\/\/korabud.com\/wp-content\/uploads\/2017\/10\/IMG-20171027-WA0003.jpg 1167w\" sizes=\"(max-width: 1024px) 100vw, 1024px\" \/><\/a>\n\t\t\t<\/dt><\/dl><br style=\"clear: both\" \/>\n\t\t<\/div>\n\n<h3><span id=\"result_box\" class=\"short_text\" lang=\"de\"><span class=\"\">Beispiel 6 Geb\u00e4ude vor und nach<\/span><\/span> Knur\u00f3w ul. Batorego 12<\/h3>\n\n\t\t<style type=\"text\/css\">\n\t\t\t#gallery-6 {\n\t\t\t\tmargin: auto;\n\t\t\t}\n\t\t\t#gallery-6 .gallery-item {\n\t\t\t\tfloat: left;\n\t\t\t\tmargin-top: 10px;\n\t\t\t\ttext-align: center;\n\t\t\t\twidth: 50%;\n\t\t\t}\n\t\t\t#gallery-6 img {\n\t\t\t\tborder: 2px solid #cfcfcf;\n\t\t\t}\n\t\t\t#gallery-6 .gallery-caption {\n\t\t\t\tmargin-left: 0;\n\t\t\t}\n\t\t\t\/* see gallery_shortcode() in wp-includes\/media.php *\/\n\t\t<\/style>\n\t\t<div id='gallery-6' class='gallery galleryid-3216 gallery-columns-2 gallery-size-large'><dl class='gallery-item'>\n\t\t\t<dt class='gallery-icon portrait'>\n\t\t\t\t<a rel=\"boxers-and-swipers\" class=\"boxersandswipers\"  data-rel=\"prettyPhoto[gallery]\" href='https:\/\/korabud.com\/wp-content\/uploads\/2017\/10\/Nowy-obraz-8.bmp'><img loading=\"lazy\" decoding=\"async\" width=\"537\" height=\"693\" src=\"https:\/\/korabud.com\/wp-content\/uploads\/2017\/10\/Nowy-obraz-8.bmp\" class=\"attachment-large size-large\" alt=\"\" \/><\/a>\n\t\t\t<\/dt><\/dl><dl class='gallery-item'>\n\t\t\t<dt class='gallery-icon portrait'>\n\t\t\t\t<a rel=\"boxers-and-swipers\" class=\"boxersandswipers\"  data-rel=\"prettyPhoto[gallery]\" href='https:\/\/korabud.com\/wp-content\/uploads\/2017\/10\/IMAG9338-1.jpg'><img loading=\"lazy\" decoding=\"async\" width=\"851\" height=\"1024\" src=\"https:\/\/korabud.com\/wp-content\/uploads\/2017\/10\/IMAG9338-1-851x1024.jpg\" class=\"attachment-large size-large\" alt=\"\" aria-describedby=\"gallery-6-3982\" srcset=\"https:\/\/korabud.com\/wp-content\/uploads\/2017\/10\/IMAG9338-1-851x1024.jpg 851w, https:\/\/korabud.com\/wp-content\/uploads\/2017\/10\/IMAG9338-1-249x300.jpg 249w, https:\/\/korabud.com\/wp-content\/uploads\/2017\/10\/IMAG9338-1-768x924.jpg 768w, https:\/\/korabud.com\/wp-content\/uploads\/2017\/10\/IMAG9338-1.jpg 1663w\" sizes=\"(max-width: 851px) 100vw, 851px\" \/><\/a>\n\t\t\t<\/dt>\n\t\t\t\t<dd class='wp-caption-text gallery-caption' id='gallery-6-3982'>\n\t\t\t\tKnur\u00f3w ul. Batorego 12\n\t\t\t\t<\/dd><\/dl><br style=\"clear: both\" \/>\n\t\t<\/div>\n\n","protected":false},"excerpt":{"rendered":"<p>Bei der Thermomodernisierung und W\u00e4rmedemmung von Geb\u00e4uden werden \u00c4nderungen vorgenommen die erm\u00f6glichen, den Bedarf an W\u00e4rmeenergie durch die Verringerung der W\u00e4rmeverluste zu reduzieren. Das Ziel und der Hauptvorteil ist, dass die Heizkosten gesenkt werden. Durch die W\u00e4rmedemmung der Au\u00dfenw\u00e4nde erh\u00e4lt das Geb\u00e4ude zus\u00e4tzlich ein \u00e4sthetisches Aussehen, hohe Qualit\u00e4t sowie einen erh\u00f6hten Wohnkomfort. Beispiel 1 Geb\u00e4ude [&hellip;]<\/p>\n","protected":false},"author":1,"featured_media":0,"parent":0,"menu_order":28,"comment_status":"closed","ping_status":"closed","template":"","meta":{"footnotes":""},"class_list":["post-3216","page","type-page","status-publish","hentry"],"yoast_head":"<!-- This site is optimized with the Yoast SEO plugin v23.6 - https:\/\/yoast.com\/wordpress\/plugins\/seo\/ -->\n<title>Bei der Thermomodernisierung - Korabud<\/title>\n<meta name=\"robots\" content=\"index, follow, max-snippet:-1, max-image-preview:large, max-video-preview:-1\" \/>\n<link rel=\"canonical\" href=\"https:\/\/korabud.com\/de\/bei-der-thermomodernisierung\/\" \/>\n<meta property=\"og:locale\" content=\"de_DE\" \/>\n<meta property=\"og:type\" content=\"article\" \/>\n<meta property=\"og:title\" content=\"Bei der Thermomodernisierung - Korabud\" \/>\n<meta property=\"og:description\" content=\"Bei der Thermomodernisierung und W\u00e4rmedemmung von Geb\u00e4uden werden \u00c4nderungen vorgenommen die erm\u00f6glichen, den Bedarf an W\u00e4rmeenergie durch die Verringerung der W\u00e4rmeverluste zu reduzieren. Das Ziel und der Hauptvorteil ist, dass die Heizkosten gesenkt werden. Durch die W\u00e4rmedemmung der Au\u00dfenw\u00e4nde erh\u00e4lt das Geb\u00e4ude zus\u00e4tzlich ein \u00e4sthetisches Aussehen, hohe Qualit\u00e4t sowie einen erh\u00f6hten Wohnkomfort. Beispiel 1 Geb\u00e4ude [&hellip;]\" \/>\n<meta property=\"og:url\" content=\"https:\/\/korabud.com\/de\/bei-der-thermomodernisierung\/\" \/>\n<meta property=\"og:site_name\" content=\"Korabud\" \/>\n<meta property=\"article:modified_time\" content=\"2021-07-01T13:28:18+00:00\" \/>\n<meta property=\"og:image\" content=\"https:\/\/korabud.com\/wp-content\/uploads\/2017\/10\/DSC_0382-576x1024.jpg\" \/>\n<meta name=\"twitter:card\" content=\"summary_large_image\" \/>\n<meta name=\"twitter:label1\" content=\"Gesch\u00e4tzte Lesezeit\" \/>\n\t<meta name=\"twitter:data1\" content=\"1 Minute\" \/>\n<script type=\"application\/ld+json\" class=\"yoast-schema-graph\">{\"@context\":\"https:\/\/schema.org\",\"@graph\":[{\"@type\":\"WebPage\",\"@id\":\"https:\/\/korabud.com\/de\/bei-der-thermomodernisierung\/\",\"url\":\"https:\/\/korabud.com\/de\/bei-der-thermomodernisierung\/\",\"name\":\"Bei der Thermomodernisierung - Korabud\",\"isPartOf\":{\"@id\":\"https:\/\/korabud.com\/#website\"},\"datePublished\":\"2017-10-19T08:18:14+00:00\",\"dateModified\":\"2021-07-01T13:28:18+00:00\",\"breadcrumb\":{\"@id\":\"https:\/\/korabud.com\/de\/bei-der-thermomodernisierung\/#breadcrumb\"},\"inLanguage\":\"de-DE\",\"potentialAction\":[{\"@type\":\"ReadAction\",\"target\":[\"https:\/\/korabud.com\/de\/bei-der-thermomodernisierung\/\"]}]},{\"@type\":\"BreadcrumbList\",\"@id\":\"https:\/\/korabud.com\/de\/bei-der-thermomodernisierung\/#breadcrumb\",\"itemListElement\":[{\"@type\":\"ListItem\",\"position\":1,\"name\":\"Strona g\u0142\u00f3wna\",\"item\":\"https:\/\/www.korabud.com\/de\/\"},{\"@type\":\"ListItem\",\"position\":2,\"name\":\"Bei der Thermomodernisierung\"}]},{\"@type\":\"WebSite\",\"@id\":\"https:\/\/korabud.com\/#website\",\"url\":\"https:\/\/korabud.com\/\",\"name\":\"Korabud\",\"description\":\"kompleksowe us\u0142ugi budowlane!\",\"potentialAction\":[{\"@type\":\"SearchAction\",\"target\":{\"@type\":\"EntryPoint\",\"urlTemplate\":\"https:\/\/korabud.com\/?s={search_term_string}\"},\"query-input\":{\"@type\":\"PropertyValueSpecification\",\"valueRequired\":true,\"valueName\":\"search_term_string\"}}],\"inLanguage\":\"de-DE\"}]}<\/script>\n<!-- \/ Yoast SEO plugin. -->","yoast_head_json":{"title":"Bei der Thermomodernisierung - Korabud","robots":{"index":"index","follow":"follow","max-snippet":"max-snippet:-1","max-image-preview":"max-image-preview:large","max-video-preview":"max-video-preview:-1"},"canonical":"https:\/\/korabud.com\/de\/bei-der-thermomodernisierung\/","og_locale":"de_DE","og_type":"article","og_title":"Bei der Thermomodernisierung - Korabud","og_description":"Bei der Thermomodernisierung und W\u00e4rmedemmung von Geb\u00e4uden werden \u00c4nderungen vorgenommen die erm\u00f6glichen, den Bedarf an W\u00e4rmeenergie durch die Verringerung der W\u00e4rmeverluste zu reduzieren. Das Ziel und der Hauptvorteil ist, dass die Heizkosten gesenkt werden. Durch die W\u00e4rmedemmung der Au\u00dfenw\u00e4nde erh\u00e4lt das Geb\u00e4ude zus\u00e4tzlich ein \u00e4sthetisches Aussehen, hohe Qualit\u00e4t sowie einen erh\u00f6hten Wohnkomfort. Beispiel 1 Geb\u00e4ude [&hellip;]","og_url":"https:\/\/korabud.com\/de\/bei-der-thermomodernisierung\/","og_site_name":"Korabud","article_modified_time":"2021-07-01T13:28:18+00:00","og_image":[{"url":"https:\/\/korabud.com\/wp-content\/uploads\/2017\/10\/DSC_0382-576x1024.jpg"}],"twitter_card":"summary_large_image","twitter_misc":{"Gesch\u00e4tzte Lesezeit":"1 Minute"},"schema":{"@context":"https:\/\/schema.org","@graph":[{"@type":"WebPage","@id":"https:\/\/korabud.com\/de\/bei-der-thermomodernisierung\/","url":"https:\/\/korabud.com\/de\/bei-der-thermomodernisierung\/","name":"Bei der Thermomodernisierung - Korabud","isPartOf":{"@id":"https:\/\/korabud.com\/#website"},"datePublished":"2017-10-19T08:18:14+00:00","dateModified":"2021-07-01T13:28:18+00:00","breadcrumb":{"@id":"https:\/\/korabud.com\/de\/bei-der-thermomodernisierung\/#breadcrumb"},"inLanguage":"de-DE","potentialAction":[{"@type":"ReadAction","target":["https:\/\/korabud.com\/de\/bei-der-thermomodernisierung\/"]}]},{"@type":"BreadcrumbList","@id":"https:\/\/korabud.com\/de\/bei-der-thermomodernisierung\/#breadcrumb","itemListElement":[{"@type":"ListItem","position":1,"name":"Strona g\u0142\u00f3wna","item":"https:\/\/www.korabud.com\/de\/"},{"@type":"ListItem","position":2,"name":"Bei der Thermomodernisierung"}]},{"@type":"WebSite","@id":"https:\/\/korabud.com\/#website","url":"https:\/\/korabud.com\/","name":"Korabud","description":"kompleksowe us\u0142ugi budowlane!","potentialAction":[{"@type":"SearchAction","target":{"@type":"EntryPoint","urlTemplate":"https:\/\/korabud.com\/?s={search_term_string}"},"query-input":{"@type":"PropertyValueSpecification","valueRequired":true,"valueName":"search_term_string"}}],"inLanguage":"de-DE"}]}},"_links":{"self":[{"href":"https:\/\/korabud.com\/de\/wp-json\/wp\/v2\/pages\/3216"}],"collection":[{"href":"https:\/\/korabud.com\/de\/wp-json\/wp\/v2\/pages"}],"about":[{"href":"https:\/\/korabud.com\/de\/wp-json\/wp\/v2\/types\/page"}],"author":[{"embeddable":true,"href":"https:\/\/korabud.com\/de\/wp-json\/wp\/v2\/users\/1"}],"replies":[{"embeddable":true,"href":"https:\/\/korabud.com\/de\/wp-json\/wp\/v2\/comments?post=3216"}],"version-history":[{"count":5,"href":"https:\/\/korabud.com\/de\/wp-json\/wp\/v2\/pages\/3216\/revisions"}],"predecessor-version":[{"id":3474,"href":"https:\/\/korabud.com\/de\/wp-json\/wp\/v2\/pages\/3216\/revisions\/3474"}],"wp:attachment":[{"href":"https:\/\/korabud.com\/de\/wp-json\/wp\/v2\/media?parent=3216"}],"curies":[{"name":"wp","href":"https:\/\/api.w.org\/{rel}","templated":true}]}}