{"id":3219,"date":"2017-10-19T08:28:00","date_gmt":"2017-10-19T08:28:00","guid":{"rendered":"http:\/\/korabud.com\/?page_id=3219"},"modified":"2021-07-01T13:28:15","modified_gmt":"2021-07-01T13:28:15","slug":"unsere-angebote","status":"publish","type":"page","link":"https:\/\/korabud.com\/de\/unsere-angebote\/","title":{"rendered":"Unsere Angebote"},"content":{"rendered":"<div  class=\"ut-one-third  \">\n<h2><strong>Bauarbeiten:<\/strong><\/h2>\n<ul class=\"fa-ul\">\n<li><i class=\"fa-li fa fa-arrow-circle-right\"><\/i> Grundbau und Fundament<\/li>\n<li><i class=\"fa-li fa fa-arrow-circle-right\"><\/i> Konstruktiver Stahlbetonbau monolithisch<\/li>\n<li><i class=\"fa-li fa fa-arrow-circle-right\"><\/i> Maurerarbeiten, Putzarbeiten<\/li>\n<\/ul>\n<\/div>\n<div  class=\"ut-one-third  \">\n<h2><strong>Montagearbeiten:<\/strong><\/h2>\n<ul class=\"fa-ul\">\n<li><i class=\"fa-li fa fa-arrow-circle-right\"><\/i> Stahl- und Aluminiumkonstruktionen<\/li>\n<li><i class=\"fa-li fa fa-arrow-circle-right\"><\/i> Vorgefertigte Stahlbetonkonstruktionen<\/li>\n<li><i class=\"fa-li fa fa-arrow-circle-right\"><\/i> T\u00fcren, Tore, Fenster, Z\u00e4une, \u00dcberdachungen<\/li>\n<\/ul>\n<\/div>\n<div  class=\"ut-one-third ut-column-last  \">\n<h2><strong>Reparaturarbeiten:<\/strong><\/h2>\n<ul class=\"fa-ul\">\n<li><i class=\"fa-li fa fa-arrow-circle-right\"><\/i> In vollem Umfang auf den Kunden zugeschnitten<\/li>\n<\/ul>\n<\/div><div class=\"clear\"><\/div>\n<p>&nbsp;<\/p>\n<hr \/>\n<p>&nbsp;<\/p>\n<div  class=\"ut-one-third  \">\n<h2><strong><a href=\"http:\/\/korabud.com\/de\/bei-der-thermomodernisierung\/\">Thermomodernisierung von Geb\u00e4uder\u00e4umen: <i class=\"fa fa-long-arrow-right\" aria-hidden=\"true\"><\/i><\/a><\/strong><\/h2>\n<p><img loading=\"lazy\" decoding=\"async\" class=\"alignnone size-thumbnail wp-image-3369\" src=\"http:\/\/korabud.com\/wp-content\/uploads\/2017\/10\/DSC_0223-1-150x150.jpg\" alt=\"\" width=\"150\" height=\"150\" \/> <img loading=\"lazy\" decoding=\"async\" class=\"alignnone size-thumbnail wp-image-3370\" src=\"http:\/\/korabud.com\/wp-content\/uploads\/2017\/10\/IMAG1937-1-150x150.jpg\" alt=\"\" width=\"150\" height=\"150\" \/><\/p>\n<ul class=\"fa-ul\">\n<li><i class=\"fa-li fa fa-arrow-circle-right\"><\/i> mit Styropor oder Mineralwolle, ausgef\u00fchrt mit folgenden Systemen: STO-ISPO, ATLAS, CERESIT, BAUMIT, CAPAROL, ARSANIT<\/li>\n<li><i class=\"fa-li fa fa-arrow-circle-right\"><\/i> Entfernung von Produkten mit Beinhaltung von Azbest<\/li>\n<li><i class=\"fa-li fa fa-arrow-circle-right\"><\/i> Reparatur von Balkonen<\/li>\n<\/ul>\n<\/div>\n<div  class=\"ut-one-third  \">\n<h2><strong>Dacharbeiten:<\/strong><\/h2>\n<ul class=\"fa-ul\">\n<li><i class=\"fa-li fa fa-arrow-circle-right\"><\/i> Dachabdeckungen aus Pappe, Blech und PCV-Membranen<\/li>\n<li><i class=\"fa-li fa fa-arrow-circle-right\"><\/i> Traditionelle Abdeckungen<\/li>\n<li><i class=\"fa-li fa fa-arrow-circle-right\"><\/i> Reparaturen von Schornsteinen und Kaminen, Blechbearbeitung<\/li>\n<li><i class=\"fa-li fa fa-arrow-circle-right\"><\/i> W\u00e4rmedemmung von D\u00e4chern und Flachd\u00e4chern<\/li>\n<\/ul>\n<\/div>\n<div  class=\"ut-one-third ut-column-last  \">\n<h2><strong><a href=\"http:\/\/korabud.com\/de\/die-renovierung-von-denkmaelern\/\">Renovierung und Wartung von Denkm\u00e4lern: <i class=\"fa fa-long-arrow-right\" aria-hidden=\"true\"><\/i><\/a><\/strong><\/h2>\n<p><img loading=\"lazy\" decoding=\"async\" class=\"alignnone size-thumbnail wp-image-3380\" src=\"http:\/\/korabud.com\/wp-content\/uploads\/2017\/10\/IMAG5675-150x150.jpg\" alt=\"\" width=\"150\" height=\"150\" \/>\u00a0 <img loading=\"lazy\" decoding=\"async\" class=\"alignnone size-thumbnail wp-image-3388\" src=\"http:\/\/korabud.com\/wp-content\/uploads\/2017\/10\/DSC_0216-150x150.jpg\" alt=\"\" width=\"150\" height=\"150\" \/><\/p>\n<ul class=\"fa-ul\">\n<li><i class=\"fa-li fa fa-arrow-circle-right\"><\/i> D\u00e4chern<\/li>\n<li><i class=\"fa-li fa fa-arrow-circle-right\"><\/i> Fassaden<\/li>\n<\/ul>\n<\/div><div class=\"clear\"><\/div>\n<p>&nbsp;<\/p>\n<hr \/>\n<h2><\/h2>\n<div  class=\"ut-one-third  \">\n<h2><strong>Installationsarbeiten:\/strong&gt;<\/strong><\/h2>\n<ul class=\"fa-ul\">\n<li><i class=\"fa-li fa fa-arrow-circle-right\"><\/i> Innere Installationen von Abwasserkanalisationen und Zentralheizungen<\/li>\n<li><i class=\"fa-li fa fa-arrow-circle-right\"><\/i> Elektrische Installationen, Blitzschutz<\/li>\n<li><i class=\"fa-li fa fa-arrow-circle-right\"><\/i> Innere Gasinstallationen<\/li>\n<\/ul>\n<\/div>\n<div  class=\"ut-one-third  \">\n<h2><strong>Ausarbeitungen:<\/strong><\/h2>\n<ul class=\"fa-ul\">\n<li><i class=\"fa-li fa fa-arrow-circle-right\"><\/i> Trennw\u00e4nde aus G-K Platten<\/li>\n<li><i class=\"fa-li fa fa-arrow-circle-right\"><\/i> Trocken-Gipsputz<\/li>\n<li><i class=\"fa-li fa fa-arrow-circle-right\"><\/i> Abgeh\u00e4ngte Decken<\/li>\n<li><i class=\"fa-li fa fa-arrow-circle-right\"><\/i> Maler- und Tapezierarbeiten<\/li>\n<li><i class=\"fa-li fa fa-arrow-circle-right\"><\/i> Boden- und Teppicharbeiten<\/li>\n<li><i class=\"fa-li fa fa-arrow-circle-right\"><\/i> Fliesen<\/li>\n<\/ul>\n<\/div>\n<div  class=\"ut-one-third ut-column-last  \">\n<\/div><div class=\"clear\"><\/div>\n<p>&nbsp;<\/p>\n<hr \/>\n<h3>Beispiel<\/h3>\n\n\t\t<style type=\"text\/css\">\n\t\t\t#gallery-1 {\n\t\t\t\tmargin: auto;\n\t\t\t}\n\t\t\t#gallery-1 .gallery-item {\n\t\t\t\tfloat: left;\n\t\t\t\tmargin-top: 10px;\n\t\t\t\ttext-align: center;\n\t\t\t\twidth: 25%;\n\t\t\t}\n\t\t\t#gallery-1 img {\n\t\t\t\tborder: 2px solid #cfcfcf;\n\t\t\t}\n\t\t\t#gallery-1 .gallery-caption {\n\t\t\t\tmargin-left: 0;\n\t\t\t}\n\t\t\t\/* see gallery_shortcode() in wp-includes\/media.php *\/\n\t\t<\/style>\n\t\t<div id='gallery-1' class='gallery galleryid-3219 gallery-columns-4 gallery-size-medium'><dl class='gallery-item'>\n\t\t\t<dt class='gallery-icon landscape'>\n\t\t\t\t<a rel=\"boxers-and-swipers\" class=\"boxersandswipers\"  data-rel=\"prettyPhoto[gallery]\" href='https:\/\/korabud.com\/wp-content\/uploads\/2013\/10\/DSC1758.jpg'><img loading=\"lazy\" decoding=\"async\" width=\"300\" height=\"200\" src=\"https:\/\/korabud.com\/wp-content\/uploads\/2013\/10\/DSC1758-300x200.jpg\" class=\"attachment-medium size-medium\" alt=\"\" srcset=\"https:\/\/korabud.com\/wp-content\/uploads\/2013\/10\/DSC1758-300x200.jpg 300w, https:\/\/korabud.com\/wp-content\/uploads\/2013\/10\/DSC1758-768x513.jpg 768w, https:\/\/korabud.com\/wp-content\/uploads\/2013\/10\/DSC1758-1024x684.jpg 1024w, https:\/\/korabud.com\/wp-content\/uploads\/2013\/10\/DSC1758.jpg 2048w\" sizes=\"(max-width: 300px) 100vw, 300px\" \/><\/a>\n\t\t\t<\/dt><\/dl><dl class='gallery-item'>\n\t\t\t<dt class='gallery-icon landscape'>\n\t\t\t\t<a rel=\"boxers-and-swipers\" class=\"boxersandswipers\"  data-rel=\"prettyPhoto[gallery]\" href='https:\/\/korabud.com\/wp-content\/uploads\/2013\/10\/DSC_5056.jpg'><img loading=\"lazy\" decoding=\"async\" width=\"300\" height=\"200\" src=\"https:\/\/korabud.com\/wp-content\/uploads\/2013\/10\/DSC_5056-300x200.jpg\" class=\"attachment-medium size-medium\" alt=\"\" srcset=\"https:\/\/korabud.com\/wp-content\/uploads\/2013\/10\/DSC_5056-300x200.jpg 300w, https:\/\/korabud.com\/wp-content\/uploads\/2013\/10\/DSC_5056-768x513.jpg 768w, https:\/\/korabud.com\/wp-content\/uploads\/2013\/10\/DSC_5056-1024x684.jpg 1024w, https:\/\/korabud.com\/wp-content\/uploads\/2013\/10\/DSC_5056.jpg 2000w\" sizes=\"(max-width: 300px) 100vw, 300px\" \/><\/a>\n\t\t\t<\/dt><\/dl><dl class='gallery-item'>\n\t\t\t<dt class='gallery-icon landscape'>\n\t\t\t\t<a rel=\"boxers-and-swipers\" class=\"boxersandswipers\"  data-rel=\"prettyPhoto[gallery]\" href='https:\/\/korabud.com\/wp-content\/uploads\/2013\/10\/DSC1767.jpg'><img loading=\"lazy\" decoding=\"async\" width=\"300\" height=\"200\" src=\"https:\/\/korabud.com\/wp-content\/uploads\/2013\/10\/DSC1767-300x200.jpg\" class=\"attachment-medium size-medium\" alt=\"\" srcset=\"https:\/\/korabud.com\/wp-content\/uploads\/2013\/10\/DSC1767-300x200.jpg 300w, https:\/\/korabud.com\/wp-content\/uploads\/2013\/10\/DSC1767-768x513.jpg 768w, https:\/\/korabud.com\/wp-content\/uploads\/2013\/10\/DSC1767-1024x684.jpg 1024w, https:\/\/korabud.com\/wp-content\/uploads\/2013\/10\/DSC1767.jpg 2000w\" sizes=\"(max-width: 300px) 100vw, 300px\" \/><\/a>\n\t\t\t<\/dt><\/dl><dl class='gallery-item'>\n\t\t\t<dt class='gallery-icon landscape'>\n\t\t\t\t<a rel=\"boxers-and-swipers\" class=\"boxersandswipers\"  data-rel=\"prettyPhoto[gallery]\" href='https:\/\/korabud.com\/wp-content\/uploads\/2013\/10\/DSC_5038.jpg'><img loading=\"lazy\" decoding=\"async\" width=\"300\" height=\"200\" src=\"https:\/\/korabud.com\/wp-content\/uploads\/2013\/10\/DSC_5038-300x200.jpg\" class=\"attachment-medium size-medium\" alt=\"\" srcset=\"https:\/\/korabud.com\/wp-content\/uploads\/2013\/10\/DSC_5038-300x200.jpg 300w, https:\/\/korabud.com\/wp-content\/uploads\/2013\/10\/DSC_5038-768x513.jpg 768w, https:\/\/korabud.com\/wp-content\/uploads\/2013\/10\/DSC_5038-1024x684.jpg 1024w, https:\/\/korabud.com\/wp-content\/uploads\/2013\/10\/DSC_5038.jpg 2000w\" sizes=\"(max-width: 300px) 100vw, 300px\" \/><\/a>\n\t\t\t<\/dt><\/dl><br style=\"clear: both\" \/>\n\t\t<\/div>\n\n","protected":false},"excerpt":{"rendered":"<p>&nbsp; &nbsp; &nbsp; &nbsp; Beispiel<\/p>\n","protected":false},"author":1,"featured_media":0,"parent":0,"menu_order":16,"comment_status":"closed","ping_status":"closed","template":"","meta":{"footnotes":""},"class_list":["post-3219","page","type-page","status-publish","hentry"],"yoast_head":"<!-- This site is optimized with the Yoast SEO plugin v23.6 - https:\/\/yoast.com\/wordpress\/plugins\/seo\/ -->\n<title>Unsere Angebote - Korabud<\/title>\n<meta name=\"robots\" content=\"index, follow, max-snippet:-1, max-image-preview:large, max-video-preview:-1\" \/>\n<link rel=\"canonical\" href=\"https:\/\/korabud.com\/de\/unsere-angebote\/\" \/>\n<meta property=\"og:locale\" content=\"de_DE\" \/>\n<meta property=\"og:type\" content=\"article\" \/>\n<meta property=\"og:title\" content=\"Unsere Angebote - Korabud\" \/>\n<meta property=\"og:description\" content=\"&nbsp; &nbsp; &nbsp; &nbsp; Beispiel\" \/>\n<meta property=\"og:url\" content=\"https:\/\/korabud.com\/de\/unsere-angebote\/\" \/>\n<meta property=\"og:site_name\" content=\"Korabud\" \/>\n<meta property=\"article:modified_time\" content=\"2021-07-01T13:28:15+00:00\" \/>\n<meta property=\"og:image\" content=\"https:\/\/korabud.com\/wp-content\/uploads\/2013\/10\/DSC1758-300x200.jpg\" \/>\n<meta name=\"twitter:card\" content=\"summary_large_image\" \/>\n<meta name=\"twitter:label1\" content=\"Gesch\u00e4tzte Lesezeit\" \/>\n\t<meta name=\"twitter:data1\" content=\"1 Minute\" \/>\n<script type=\"application\/ld+json\" class=\"yoast-schema-graph\">{\"@context\":\"https:\/\/schema.org\",\"@graph\":[{\"@type\":\"WebPage\",\"@id\":\"https:\/\/korabud.com\/de\/unsere-angebote\/\",\"url\":\"https:\/\/korabud.com\/de\/unsere-angebote\/\",\"name\":\"Unsere Angebote - Korabud\",\"isPartOf\":{\"@id\":\"https:\/\/korabud.com\/#website\"},\"primaryImageOfPage\":{\"@id\":\"https:\/\/korabud.com\/de\/unsere-angebote\/#primaryimage\"},\"image\":{\"@id\":\"https:\/\/korabud.com\/de\/unsere-angebote\/#primaryimage\"},\"thumbnailUrl\":\"http:\/\/korabud.com\/wp-content\/uploads\/2017\/10\/DSC_0223-1-150x150.jpg\",\"datePublished\":\"2017-10-19T08:28:00+00:00\",\"dateModified\":\"2021-07-01T13:28:15+00:00\",\"breadcrumb\":{\"@id\":\"https:\/\/korabud.com\/de\/unsere-angebote\/#breadcrumb\"},\"inLanguage\":\"de-DE\",\"potentialAction\":[{\"@type\":\"ReadAction\",\"target\":[\"https:\/\/korabud.com\/de\/unsere-angebote\/\"]}]},{\"@type\":\"ImageObject\",\"inLanguage\":\"de-DE\",\"@id\":\"https:\/\/korabud.com\/de\/unsere-angebote\/#primaryimage\",\"url\":\"http:\/\/korabud.com\/wp-content\/uploads\/2017\/10\/DSC_0223-1-150x150.jpg\",\"contentUrl\":\"http:\/\/korabud.com\/wp-content\/uploads\/2017\/10\/DSC_0223-1-150x150.jpg\"},{\"@type\":\"BreadcrumbList\",\"@id\":\"https:\/\/korabud.com\/de\/unsere-angebote\/#breadcrumb\",\"itemListElement\":[{\"@type\":\"ListItem\",\"position\":1,\"name\":\"Strona g\u0142\u00f3wna\",\"item\":\"https:\/\/www.korabud.com\/de\/\"},{\"@type\":\"ListItem\",\"position\":2,\"name\":\"Unsere Angebote\"}]},{\"@type\":\"WebSite\",\"@id\":\"https:\/\/korabud.com\/#website\",\"url\":\"https:\/\/korabud.com\/\",\"name\":\"Korabud\",\"description\":\"kompleksowe us\u0142ugi budowlane!\",\"potentialAction\":[{\"@type\":\"SearchAction\",\"target\":{\"@type\":\"EntryPoint\",\"urlTemplate\":\"https:\/\/korabud.com\/?s={search_term_string}\"},\"query-input\":{\"@type\":\"PropertyValueSpecification\",\"valueRequired\":true,\"valueName\":\"search_term_string\"}}],\"inLanguage\":\"de-DE\"}]}<\/script>\n<!-- \/ Yoast SEO plugin. -->","yoast_head_json":{"title":"Unsere Angebote - Korabud","robots":{"index":"index","follow":"follow","max-snippet":"max-snippet:-1","max-image-preview":"max-image-preview:large","max-video-preview":"max-video-preview:-1"},"canonical":"https:\/\/korabud.com\/de\/unsere-angebote\/","og_locale":"de_DE","og_type":"article","og_title":"Unsere Angebote - Korabud","og_description":"&nbsp; &nbsp; &nbsp; &nbsp; Beispiel","og_url":"https:\/\/korabud.com\/de\/unsere-angebote\/","og_site_name":"Korabud","article_modified_time":"2021-07-01T13:28:15+00:00","og_image":[{"url":"https:\/\/korabud.com\/wp-content\/uploads\/2013\/10\/DSC1758-300x200.jpg"}],"twitter_card":"summary_large_image","twitter_misc":{"Gesch\u00e4tzte Lesezeit":"1 Minute"},"schema":{"@context":"https:\/\/schema.org","@graph":[{"@type":"WebPage","@id":"https:\/\/korabud.com\/de\/unsere-angebote\/","url":"https:\/\/korabud.com\/de\/unsere-angebote\/","name":"Unsere Angebote - Korabud","isPartOf":{"@id":"https:\/\/korabud.com\/#website"},"primaryImageOfPage":{"@id":"https:\/\/korabud.com\/de\/unsere-angebote\/#primaryimage"},"image":{"@id":"https:\/\/korabud.com\/de\/unsere-angebote\/#primaryimage"},"thumbnailUrl":"http:\/\/korabud.com\/wp-content\/uploads\/2017\/10\/DSC_0223-1-150x150.jpg","datePublished":"2017-10-19T08:28:00+00:00","dateModified":"2021-07-01T13:28:15+00:00","breadcrumb":{"@id":"https:\/\/korabud.com\/de\/unsere-angebote\/#breadcrumb"},"inLanguage":"de-DE","potentialAction":[{"@type":"ReadAction","target":["https:\/\/korabud.com\/de\/unsere-angebote\/"]}]},{"@type":"ImageObject","inLanguage":"de-DE","@id":"https:\/\/korabud.com\/de\/unsere-angebote\/#primaryimage","url":"http:\/\/korabud.com\/wp-content\/uploads\/2017\/10\/DSC_0223-1-150x150.jpg","contentUrl":"http:\/\/korabud.com\/wp-content\/uploads\/2017\/10\/DSC_0223-1-150x150.jpg"},{"@type":"BreadcrumbList","@id":"https:\/\/korabud.com\/de\/unsere-angebote\/#breadcrumb","itemListElement":[{"@type":"ListItem","position":1,"name":"Strona g\u0142\u00f3wna","item":"https:\/\/www.korabud.com\/de\/"},{"@type":"ListItem","position":2,"name":"Unsere Angebote"}]},{"@type":"WebSite","@id":"https:\/\/korabud.com\/#website","url":"https:\/\/korabud.com\/","name":"Korabud","description":"kompleksowe us\u0142ugi budowlane!","potentialAction":[{"@type":"SearchAction","target":{"@type":"EntryPoint","urlTemplate":"https:\/\/korabud.com\/?s={search_term_string}"},"query-input":{"@type":"PropertyValueSpecification","valueRequired":true,"valueName":"search_term_string"}}],"inLanguage":"de-DE"}]}},"_links":{"self":[{"href":"https:\/\/korabud.com\/de\/wp-json\/wp\/v2\/pages\/3219"}],"collection":[{"href":"https:\/\/korabud.com\/de\/wp-json\/wp\/v2\/pages"}],"about":[{"href":"https:\/\/korabud.com\/de\/wp-json\/wp\/v2\/types\/page"}],"author":[{"embeddable":true,"href":"https:\/\/korabud.com\/de\/wp-json\/wp\/v2\/users\/1"}],"replies":[{"embeddable":true,"href":"https:\/\/korabud.com\/de\/wp-json\/wp\/v2\/comments?post=3219"}],"version-history":[{"count":7,"href":"https:\/\/korabud.com\/de\/wp-json\/wp\/v2\/pages\/3219\/revisions"}],"predecessor-version":[{"id":3500,"href":"https:\/\/korabud.com\/de\/wp-json\/wp\/v2\/pages\/3219\/revisions\/3500"}],"wp:attachment":[{"href":"https:\/\/korabud.com\/de\/wp-json\/wp\/v2\/media?parent=3219"}],"curies":[{"name":"wp","href":"https:\/\/api.w.org\/{rel}","templated":true}]}}