{"id":3224,"date":"2017-10-19T08:32:44","date_gmt":"2017-10-19T08:32:44","guid":{"rendered":"http:\/\/korabud.com\/?page_id=3224"},"modified":"2021-10-18T07:17:16","modified_gmt":"2021-10-18T07:17:16","slug":"kontakt","status":"publish","type":"page","link":"https:\/\/korabud.com\/de\/kontakt\/","title":{"rendered":"Kontakt"},"content":{"rendered":"<p>Przedsi\u0119biorstwo Budowlane <strong>Korabud <\/strong>Adam Kordek<br \/>\nul. Tadeusza Boya-\u017bele\u0144skiego 26<br \/>\n44-113 Gliwice<\/p>\n<p>NIP: 969-048-70-41<\/p>\n<p>E-mail: <a href=\"mailto:sekretariat.korabud@op.pl\">biuro@korabud.com<\/a><br \/>\ntel: +48 32 723 23 73<\/p>\n<ol>\n<li><a href=\"https:\/\/www.google.pl\/maps\/place\/50.335888,+18.629171\/@50.3358331,18.6291497,20z\" target=\"_blank\" rel=\"noopener\">Planen Sie Ihre Reise mit Google Maps<\/a><\/li>\n<\/ol>\n<div id=\"lmm_120ca10e\" style=\"width:100%;\" class=\"mapsmarker markermap marker-1\">\n<div id=\"lmm_panel_120ca10e\" class=\"lmm-panel\" style=\"background:#efefef;\">\n<div id=\"lmm_panel_api_120ca10e\" class=\"lmm-panel-api\"><a href=\"https:\/\/maps.google.com\/maps?daddr=Tadeusza+Boya-%C5%BBele%C5%84skiego+26++wojew%C3%B3dztwo+%C5%9Bl%C4%85skie%2C+Polska&amp;t=m&amp;layer=1&amp;doflg=ptk&amp;om=0\" target=\"_blank\" title=\"Wegbeschreibung berechnen\"><img loading=\"lazy\" decoding=\"async\" alt=\"icon-car.png\" src=\"https:\/\/korabud.com\/wp-content\/plugins\/leaflet-maps-marker\/inc\/img\/icon-car.png\" width=\"14\" height=\"14\" class=\"lmm-panel-api-images\" \/><\/a><\/div><div id=\"lmm_panel_text_120ca10e\" class=\"lmm-panel-text\" style=\"font-weight:bold;color:#373737;\">Adres<\/div><\/div>\n<div id=\"lmm_map_120ca10e\" class=\"lmm-map\" style=\"background:#f6f6f6;border:1px solid #ccc;height:302px; overflow:hidden;padding:0;\"><p style=\"font-size:80%;color:#9f9e9e;margin-left:5px;\">Karte wird geladen - bitte warten...<noscript><br\/><strong>Karte konnte nicht geladen werden - bitte aktivieren Sie Javascript!<\/strong><br\/><a style=\"text-decoration:none;\" href=\"https:\/\/www.mapsmarker.com\/js-disabled\" target=\"_blank\">&rarr; Weitere Informationen<\/a><\/noscript><\/p><\/div>\n<div id=\"lmm_geo_tags_120ca10e\" class=\"lmm-geo-tags geo\">\n<span class=\"paneltext\">Adres<\/span>\n<span class=\"latitude\">50.335651<\/span>, <span class=\"longitude\">18.629139<\/span>\n<span class=\"popuptext\"><\/span>\n<\/div>\n<\/div>\n<p>https:\/\/maps.app.goo.gl\/KAxnfmCN4XE4sx7o7<\/p>\n<p>&nbsp;<\/p>\n","protected":false},"excerpt":{"rendered":"<p>Przedsi\u0119biorstwo Budowlane Korabud Adam Kordek ul. Tadeusza Boya-\u017bele\u0144skiego 26 44-113 Gliwice NIP: 969-048-70-41 E-mail: biuro@korabud.com tel: +48 32 723 23 73 Planen Sie Ihre Reise mit Google Maps https:\/\/maps.app.goo.gl\/KAxnfmCN4XE4sx7o7 &nbsp;<\/p>\n","protected":false},"author":1,"featured_media":0,"parent":0,"menu_order":21,"comment_status":"closed","ping_status":"open","template":"","meta":{"footnotes":""},"class_list":["post-3224","page","type-page","status-publish","hentry"],"yoast_head":"<!-- This site is optimized with the Yoast SEO plugin v23.6 - https:\/\/yoast.com\/wordpress\/plugins\/seo\/ -->\n<title>Kontakt - Korabud<\/title>\n<meta name=\"robots\" content=\"index, follow, max-snippet:-1, max-image-preview:large, max-video-preview:-1\" \/>\n<link rel=\"canonical\" href=\"https:\/\/www.korabud.com\/de\/kontakt\/\" \/>\n<meta property=\"og:locale\" content=\"de_DE\" \/>\n<meta property=\"og:type\" content=\"article\" \/>\n<meta property=\"og:title\" content=\"Kontakt - Korabud\" \/>\n<meta property=\"og:description\" content=\"Przedsi\u0119biorstwo Budowlane Korabud Adam Kordek ul. Tadeusza Boya-\u017bele\u0144skiego 26 44-113 Gliwice NIP: 969-048-70-41 E-mail: biuro@korabud.com tel: +48 32 723 23 73 Planen Sie Ihre Reise mit Google Maps https:\/\/maps.app.goo.gl\/KAxnfmCN4XE4sx7o7 &nbsp;\" \/>\n<meta property=\"og:url\" content=\"https:\/\/www.korabud.com\/de\/kontakt\/\" \/>\n<meta property=\"og:site_name\" content=\"Korabud\" \/>\n<meta property=\"article:modified_time\" content=\"2021-10-18T07:17:16+00:00\" \/>\n<meta name=\"twitter:card\" content=\"summary_large_image\" \/>\n<script type=\"application\/ld+json\" class=\"yoast-schema-graph\">{\"@context\":\"https:\/\/schema.org\",\"@graph\":[{\"@type\":\"WebPage\",\"@id\":\"https:\/\/www.korabud.com\/de\/kontakt\/\",\"url\":\"https:\/\/www.korabud.com\/de\/kontakt\/\",\"name\":\"Kontakt - Korabud\",\"isPartOf\":{\"@id\":\"https:\/\/korabud.com\/#website\"},\"datePublished\":\"2017-10-19T08:32:44+00:00\",\"dateModified\":\"2021-10-18T07:17:16+00:00\",\"breadcrumb\":{\"@id\":\"https:\/\/www.korabud.com\/de\/kontakt\/#breadcrumb\"},\"inLanguage\":\"de-DE\",\"potentialAction\":[{\"@type\":\"ReadAction\",\"target\":[\"https:\/\/www.korabud.com\/de\/kontakt\/\"]}]},{\"@type\":\"BreadcrumbList\",\"@id\":\"https:\/\/www.korabud.com\/de\/kontakt\/#breadcrumb\",\"itemListElement\":[{\"@type\":\"ListItem\",\"position\":1,\"name\":\"Strona g\u0142\u00f3wna\",\"item\":\"https:\/\/www.korabud.com\/de\/\"},{\"@type\":\"ListItem\",\"position\":2,\"name\":\"Kontakt\"}]},{\"@type\":\"WebSite\",\"@id\":\"https:\/\/korabud.com\/#website\",\"url\":\"https:\/\/korabud.com\/\",\"name\":\"Korabud\",\"description\":\"kompleksowe us\u0142ugi budowlane!\",\"potentialAction\":[{\"@type\":\"SearchAction\",\"target\":{\"@type\":\"EntryPoint\",\"urlTemplate\":\"https:\/\/korabud.com\/?s={search_term_string}\"},\"query-input\":{\"@type\":\"PropertyValueSpecification\",\"valueRequired\":true,\"valueName\":\"search_term_string\"}}],\"inLanguage\":\"de-DE\"}]}<\/script>\n<!-- \/ Yoast SEO plugin. -->","yoast_head_json":{"title":"Kontakt - Korabud","robots":{"index":"index","follow":"follow","max-snippet":"max-snippet:-1","max-image-preview":"max-image-preview:large","max-video-preview":"max-video-preview:-1"},"canonical":"https:\/\/www.korabud.com\/de\/kontakt\/","og_locale":"de_DE","og_type":"article","og_title":"Kontakt - Korabud","og_description":"Przedsi\u0119biorstwo Budowlane Korabud Adam Kordek ul. Tadeusza Boya-\u017bele\u0144skiego 26 44-113 Gliwice NIP: 969-048-70-41 E-mail: biuro@korabud.com tel: +48 32 723 23 73 Planen Sie Ihre Reise mit Google Maps https:\/\/maps.app.goo.gl\/KAxnfmCN4XE4sx7o7 &nbsp;","og_url":"https:\/\/www.korabud.com\/de\/kontakt\/","og_site_name":"Korabud","article_modified_time":"2021-10-18T07:17:16+00:00","twitter_card":"summary_large_image","schema":{"@context":"https:\/\/schema.org","@graph":[{"@type":"WebPage","@id":"https:\/\/www.korabud.com\/de\/kontakt\/","url":"https:\/\/www.korabud.com\/de\/kontakt\/","name":"Kontakt - Korabud","isPartOf":{"@id":"https:\/\/korabud.com\/#website"},"datePublished":"2017-10-19T08:32:44+00:00","dateModified":"2021-10-18T07:17:16+00:00","breadcrumb":{"@id":"https:\/\/www.korabud.com\/de\/kontakt\/#breadcrumb"},"inLanguage":"de-DE","potentialAction":[{"@type":"ReadAction","target":["https:\/\/www.korabud.com\/de\/kontakt\/"]}]},{"@type":"BreadcrumbList","@id":"https:\/\/www.korabud.com\/de\/kontakt\/#breadcrumb","itemListElement":[{"@type":"ListItem","position":1,"name":"Strona g\u0142\u00f3wna","item":"https:\/\/www.korabud.com\/de\/"},{"@type":"ListItem","position":2,"name":"Kontakt"}]},{"@type":"WebSite","@id":"https:\/\/korabud.com\/#website","url":"https:\/\/korabud.com\/","name":"Korabud","description":"kompleksowe us\u0142ugi budowlane!","potentialAction":[{"@type":"SearchAction","target":{"@type":"EntryPoint","urlTemplate":"https:\/\/korabud.com\/?s={search_term_string}"},"query-input":{"@type":"PropertyValueSpecification","valueRequired":true,"valueName":"search_term_string"}}],"inLanguage":"de-DE"}]}},"_links":{"self":[{"href":"https:\/\/korabud.com\/de\/wp-json\/wp\/v2\/pages\/3224"}],"collection":[{"href":"https:\/\/korabud.com\/de\/wp-json\/wp\/v2\/pages"}],"about":[{"href":"https:\/\/korabud.com\/de\/wp-json\/wp\/v2\/types\/page"}],"author":[{"embeddable":true,"href":"https:\/\/korabud.com\/de\/wp-json\/wp\/v2\/users\/1"}],"replies":[{"embeddable":true,"href":"https:\/\/korabud.com\/de\/wp-json\/wp\/v2\/comments?post=3224"}],"version-history":[{"count":9,"href":"https:\/\/korabud.com\/de\/wp-json\/wp\/v2\/pages\/3224\/revisions"}],"predecessor-version":[{"id":3711,"href":"https:\/\/korabud.com\/de\/wp-json\/wp\/v2\/pages\/3224\/revisions\/3711"}],"wp:attachment":[{"href":"https:\/\/korabud.com\/de\/wp-json\/wp\/v2\/media?parent=3224"}],"curies":[{"name":"wp","href":"https:\/\/api.w.org\/{rel}","templated":true}]}}